{"id":4357,"date":"2024-04-08T14:11:30","date_gmt":"2024-04-08T14:11:30","guid":{"rendered":"https:\/\/flexsuisse.com\/imprint\/"},"modified":"2025-01-28T10:08:23","modified_gmt":"2025-01-28T10:08:23","slug":"impressum","status":"publish","type":"page","link":"https:\/\/flexsuisse.com\/de\/impressum\/","title":{"rendered":"Impressum"},"content":{"rendered":"<div class=\"fusion-fullwidth fullwidth-box fusion-builder-row-1 fusion-flex-container has-pattern-background has-mask-background nonhundred-percent-fullwidth non-hundred-percent-height-scrolling\" style=\"--awb-border-radius-top-left:0px;--awb-border-radius-top-right:0px;--awb-border-radius-bottom-right:0px;--awb-border-radius-bottom-left:0px;--awb-padding-top:50px;--awb-flex-wrap:wrap;\" ><div class=\"fusion-builder-row fusion-row fusion-flex-align-items-flex-start fusion-flex-justify-content-center fusion-flex-content-wrap\" style=\"max-width:1248px;margin-left: calc(-4% \/ 2 );margin-right: calc(-4% \/ 2 );\"><div class=\"fusion-layout-column fusion_builder_column fusion-builder-column-0 fusion_builder_column_1_1 1_1 fusion-flex-column\" style=\"--awb-bg-size:cover;--awb-width-large:100%;--awb-margin-top-large:0px;--awb-spacing-right-large:1.92%;--awb-margin-bottom-large:20px;--awb-spacing-left-large:1.92%;--awb-width-medium:100%;--awb-order-medium:0;--awb-spacing-right-medium:1.92%;--awb-spacing-left-medium:1.92%;--awb-width-small:100%;--awb-order-small:0;--awb-spacing-right-small:1.92%;--awb-spacing-left-small:1.92%;\"><div class=\"fusion-column-wrapper fusion-column-has-shadow fusion-flex-justify-content-flex-start fusion-content-layout-column\"><div class=\"fusion-title title fusion-title-1 fusion-sep-none fusion-title-text fusion-title-size-one\" style=\"--awb-font-size:40px;\"><h1 class=\"fusion-title-heading title-heading-left\" style=\"font-family:&quot;Lexend Exa&quot;;font-style:normal;font-weight:700;margin:0;font-size:1em;text-transform:uppercase;\">Impressum<\/h1><\/div><\/div><\/div><div class=\"fusion-layout-column fusion_builder_column fusion-builder-column-1 fusion_builder_column_1_1 1_1 fusion-flex-column\" style=\"--awb-bg-size:cover;--awb-width-large:100%;--awb-margin-top-large:0px;--awb-spacing-right-large:1.92%;--awb-margin-bottom-large:20px;--awb-spacing-left-large:1.92%;--awb-width-medium:100%;--awb-order-medium:0;--awb-spacing-right-medium:1.92%;--awb-spacing-left-medium:1.92%;--awb-width-small:100%;--awb-order-small:0;--awb-spacing-right-small:1.92%;--awb-spacing-left-small:1.92%;\"><div class=\"fusion-column-wrapper fusion-column-has-shadow fusion-flex-justify-content-flex-start fusion-content-layout-column\"><div class=\"fusion-text fusion-text-1\"><h2><span data-contrast=\"auto\">Adresse Schweiz<\/span><\/h2>\n<p><span data-contrast=\"auto\">Flex Suisse AG<\/span><\/p>\n<p><span data-contrast=\"auto\">Uraniastrasse 28 <\/span><\/p>\n<p><span data-contrast=\"auto\">8001 Z\u00fcrich<\/span><\/p>\n<p><span data-contrast=\"auto\">Schweiz<\/span><\/p>\n<h2><span data-contrast=\"auto\">Adresse Liechtenstein<\/span><\/h2>\n<p><span data-contrast=\"auto\">Flex Suisse AG, Z\u00fcrich,<\/span><\/p>\n<p><span data-contrast=\"auto\">Zweigniederlassung Vaduz<\/span><\/p>\n<p><span data-contrast=\"auto\">Werdenbergerweg 11<\/span><\/p>\n<p><span data-contrast=\"auto\">9490 Vaduz<\/span><\/p>\n<p><span data-contrast=\"auto\">F\u00fcrstentum Liechtenstein<\/span><\/p>\n<h2><span data-contrast=\"auto\">Adresse Deutschland<\/span><\/h2>\n<p><span data-contrast=\"auto\">Flex Suisse GmbH<\/span><\/p>\n<p><span data-contrast=\"auto\">Eschersheimer Landstrasse 14 (Turmcenter)<\/span><\/p>\n<p><span data-contrast=\"auto\">60322 Frankfurt am Main<\/span><\/p>\n<h2><span data-contrast=\"auto\">Management und Verantwortlichkeit f\u00fcr Inhalte<\/span><\/h2>\n<p><span data-contrast=\"auto\">Schweiz:<\/span><\/p>\n<p><span data-contrast=\"auto\">Nicolai Mikkelsen<\/span><span data-ccp-props=\"{'335559738':240,'335559739':240}\"><br \/>\n<\/span><span style=\"color: var(--awb-text-color); font-family: var(--awb-text-font-family); font-size: var(--awb-font-size); font-style: var(--awb-text-font-style); font-weight: var(--awb-text-font-weight); letter-spacing: var(--awb-letter-spacing); text-align: var(--awb-content-alignment); text-transform: var(--awb-text-transform); background-color: var(--awb-bg-color-hover);\" data-contrast=\"auto\">Telefon: +41 58 502 75 30<\/span><span style=\"color: var(--awb-text-color); font-family: var(--awb-text-font-family); font-size: var(--awb-font-size); font-style: var(--awb-text-font-style); font-weight: var(--awb-text-font-weight); letter-spacing: var(--awb-letter-spacing); text-align: var(--awb-content-alignment); text-transform: var(--awb-text-transform); background-color: var(--awb-bg-color-hover);\" data-ccp-props=\"{'335559738':240,'335559739':240}\"><br \/>\n<\/span><span style=\"color: var(--awb-text-color); font-family: var(--awb-text-font-family); font-size: var(--awb-font-size); font-style: var(--awb-text-font-style); font-weight: var(--awb-text-font-weight); letter-spacing: var(--awb-letter-spacing); text-align: var(--awb-content-alignment); text-transform: var(--awb-text-transform); background-color: var(--awb-bg-color-hover);\" data-contrast=\"auto\">E-Mail: <\/span><a style=\"font-family: var(--awb-text-font-family); font-size: var(--awb-font-size); font-style: var(--awb-text-font-style); font-weight: var(--awb-text-font-weight); letter-spacing: var(--awb-letter-spacing); text-align: var(--awb-content-alignment); text-transform: var(--awb-text-transform); background-color: var(--awb-bg-color-hover);\" href=\"&#109;a&#x69;l&#x74;o&#x3a;i&#x6e;&#102;&#x6f;&#64;&#x66;&#108;&#x65;&#120;s&#117;i&#x73;s&#x65;&#46;&#x63;&#111;&#x6d;\"><span data-contrast=\"none\">&#x69;&#110;&#x66;&#x6f;&#64;&#x66;&#108;e&#x78;&#115;u&#x69;&#115;s&#x65;&#46;c&#x6f;&#109;<\/span><\/a><\/p>\n<p><span style=\"color: var(--awb-text-color); font-family: var(--awb-text-font-family); font-size: var(--awb-font-size); font-style: var(--awb-text-font-style); font-weight: var(--awb-text-font-weight); letter-spacing: var(--awb-letter-spacing); text-align: var(--awb-content-alignment); text-transform: var(--awb-text-transform); background-color: var(--awb-bg-color-hover);\" data-contrast=\"auto\">Deutschland:<\/span><span style=\"color: var(--awb-text-color); font-family: var(--awb-text-font-family); font-size: var(--awb-font-size); font-style: var(--awb-text-font-style); font-weight: var(--awb-text-font-weight); letter-spacing: var(--awb-letter-spacing); text-align: var(--awb-content-alignment); text-transform: var(--awb-text-transform); background-color: var(--awb-bg-color-hover);\" data-ccp-props=\"{'335559738':240,'335559739':240}\"><br \/>\n<\/span><span style=\"color: var(--awb-text-color); font-family: var(--awb-text-font-family); font-size: var(--awb-font-size); font-style: var(--awb-text-font-style); font-weight: var(--awb-text-font-weight); letter-spacing: var(--awb-letter-spacing); text-align: var(--awb-content-alignment); text-transform: var(--awb-text-transform); background-color: var(--awb-bg-color-hover);\" data-contrast=\"auto\">Alexandre Moreau<\/span><span style=\"color: var(--awb-text-color); font-family: var(--awb-text-font-family); font-size: var(--awb-font-size); font-style: var(--awb-text-font-style); font-weight: var(--awb-text-font-weight); letter-spacing: var(--awb-letter-spacing); text-align: var(--awb-content-alignment); text-transform: var(--awb-text-transform); background-color: var(--awb-bg-color-hover);\" data-ccp-props=\"{'335559738':240,'335559739':240}\"><br \/>\n<\/span><span style=\"color: var(--awb-text-color); font-family: var(--awb-text-font-family); font-size: var(--awb-font-size); font-style: var(--awb-text-font-style); font-weight: var(--awb-text-font-weight); letter-spacing: var(--awb-letter-spacing); text-align: var(--awb-content-alignment); text-transform: var(--awb-text-transform); background-color: var(--awb-bg-color-hover);\" data-contrast=\"auto\">Telefon: +49 160 9036 3511<\/span><span style=\"color: var(--awb-text-color); font-family: var(--awb-text-font-family); font-size: var(--awb-font-size); font-style: var(--awb-text-font-style); font-weight: var(--awb-text-font-weight); letter-spacing: var(--awb-letter-spacing); text-align: var(--awb-content-alignment); text-transform: var(--awb-text-transform); background-color: var(--awb-bg-color-hover);\" data-ccp-props=\"{'335559738':240,'335559739':240}\"><br \/>\n<\/span><span style=\"color: var(--awb-text-color); font-family: var(--awb-text-font-family); font-size: var(--awb-font-size); font-style: var(--awb-text-font-style); font-weight: var(--awb-text-font-weight); letter-spacing: var(--awb-letter-spacing); text-align: var(--awb-content-alignment); text-transform: var(--awb-text-transform); background-color: var(--awb-bg-color-hover);\" data-contrast=\"auto\">E-Mail: <\/span><a style=\"font-family: var(--awb-text-font-family); font-size: var(--awb-font-size); font-style: var(--awb-text-font-style); font-weight: var(--awb-text-font-weight); letter-spacing: var(--awb-letter-spacing); text-align: var(--awb-content-alignment); text-transform: var(--awb-text-transform); background-color: var(--awb-bg-color-hover);\" href=\"&#x6d;&#x61;&#x69;&#x6c;&#x74;&#x6f;&#x3a;&#x6b;&#x6f;&#x6e;&#x74;&#x61;&#x6b;&#x74;&#x40;&#x66;&#x6c;&#x65;&#x78;&#x73;&#x75;&#x69;&#115;&#115;&#101;&#46;&#99;&#111;&#109;\"><span data-contrast=\"none\">&#107;&#x6f;&#110;&#x74;&#97;&#x6b;&#116;&#x40;&#102;&#x6c;&#101;&#x78;&#115;&#x75;&#105;&#x73;&#115;&#x65;&#46;&#x63;&#111;&#x6d;<\/span><\/a><\/p>\n<h2><span data-contrast=\"auto\">Aufsichtsbeh\u00f6rde<\/span><\/h2>\n<p><span data-contrast=\"auto\">Alle Genehmigungen wurden erteilt.<\/span><\/p>\n<p><span data-contrast=\"auto\">Schweiz: Amt f\u00fcr Wirtschaft und Arbeit des Kantons Z\u00fcrich \/ SECO<\/span><\/p>\n<p><span data-contrast=\"auto\">F\u00fcrstentum Liechtenstein: Amt f\u00fcr Volkswirtschaft<\/span><\/p>\n<p><span data-contrast=\"auto\">Deutschland: Agentur f\u00fcr Arbeit D\u00fcsseldorf<\/span><\/p>\n<h2><span data-contrast=\"auto\">Sitz und Handelsregister-Nr.<\/span><\/h2>\n<p><span data-contrast=\"auto\">Z\u00fcrich: Handelsregister Schweiz CH-020.3.046.851-7 \/ CHE-145.989.857<\/span><\/p>\n<p><span data-contrast=\"auto\">Liechtenstein, Handelsregister Liechtenstein FL-0002.625.403-8<\/span><\/p>\n<p><span data-contrast=\"auto\">Deutschland: Amtsgericht Frankfurt am Main HRB 76081 \/ USt-IdNr.: DE246028353<\/span><\/p>\n<h2><span data-contrast=\"auto\" data-fusion-font=\"true\">Inhalt\/IP-Rechte<\/span><\/h2>\n<p><span data-contrast=\"auto\">\u00a9 Flex Suisse AG \/ Flex Suisse GmbH<\/span><\/p>\n<h2><span data-contrast=\"auto\">Haftungsausschluss (Haftungsbeschr\u00e4nkung)<\/span><\/h2>\n<p><span data-contrast=\"auto\">Dies ist die Website von Flex Suisse. Die folgenden Bestimmungen gelten f\u00fcr alle Seiten und Unterseiten dieser Website. Diese Website ist ausschlie\u00dflich f\u00fcr Personen au\u00dferhalb der USA bestimmt und darf nicht von B\u00fcrgern oder Einwohnern der Vereinigten Staaten aufgerufen werden. Personen, die diese Webseiten aufrufen und Informationen abrufen, stimmen den folgenden Bedingungen zu.<\/span><\/p>\n<h2><span data-contrast=\"auto\">Nutzung unserer Website<\/span><\/h2>\n<p><span data-contrast=\"auto\">Flex Suisse unternimmt alle Anstrengungen, um den sicheren Betrieb der Website zu gew\u00e4hrleisten. Dennoch k\u00f6nnen M\u00e4ngel wie Datenverlust oder -verf\u00e4lschung, Virenangriffe, Betriebsunterbrechungen usw. nicht ausgeschlossen werden. Der Zugriff auf die Website erfolgt daher auf eigenes Risiko und eigene Verantwortung des Nutzers.<\/span><\/p>\n<h2><span data-contrast=\"auto\">Urheberrecht<\/span><\/h2>\n<p><span data-contrast=\"auto\">Die Webseiten geh\u00f6ren ausschlie\u00dflich Flex Suisse. Der Inhalt und die Struktur der Webseiten sind urheberrechtlich gesch\u00fctzt. Alle Rechte sind vorbehalten. Auch die Urheberrechte Dritter sind vorbehalten. Urheberrechtsvermerke, Markennamen und andere gesetzlich gesch\u00fctzte Bezeichnungen d\u00fcrfen nicht ver\u00e4ndert oder entfernt werden.<\/span><\/p>\n<p><span data-contrast=\"auto\">Die vollst\u00e4ndige oder teilweise Reproduktion oder Nutzung der Webseiten zu \u00f6ffentlichen oder kommerziellen Zwecken ist ohne die vorherige schriftliche Zustimmung von Flex Suisse AG verboten. In diesem Zusammenhang d\u00fcrfen Informationen oder Daten (Texte, Bilder, Grafiken, Ton-, Video- oder Animationsdateien) von den Webseiten, sei es vollst\u00e4ndig oder teilweise, ohne vorherige schriftliche Zustimmung von Flex Suisse nicht verwendet oder verwertet werden. Dasselbe gilt f\u00fcr die Reproduktion von Elementen der Webseiten.<\/span><\/p>\n<p><span data-contrast=\"auto\">Die Inhalte der Webseiten d\u00fcrfen nur f\u00fcr den privaten Gebrauch abgerufen, dupliziert, gespeichert und bearbeitet werden, ganz oder teilweise. Eine Weitergabe an Dritte ohne die vorherige schriftliche Zustimmung von Flex Suisse AG ist untersagt.<\/span><\/p>\n<h2><span data-contrast=\"auto\">Haftungsausschluss<\/span><\/h2>\n<p><span data-contrast=\"auto\">Flex Suisse \u00fcbernimmt keinerlei Haftung f\u00fcr Sch\u00e4den oder Folgesch\u00e4den, die aus dem Zugriff auf seine Website oder einzelne Teile davon (wie heruntergeladene Dokumente), deren Nutzung (oder der Unm\u00f6glichkeit des Zugriffs oder der Nutzung) oder Links zu anderen Webseiten resultieren.<\/span><\/p>\n<h2><span data-contrast=\"auto\" data-fusion-font=\"true\">Verlinkte Webseiten<\/span><\/h2>\n<p><span data-contrast=\"auto\">Einige Seiten auf dieser Seite enthalten Links zu Websites von Dritten. Flex Suisse \u00fcbernimmt keine Verantwortung f\u00fcr deren Inhalt, die Produkte, Dienstleistungen oder anderen Angebote, die sie enthalten, oder f\u00fcr die Einhaltung der Datenschutzbestimmungen. Das Aktivieren eines Links erfolgt auf eigenes Risiko des Nutzers.<\/span><\/p>\n<\/div><\/div><\/div><\/div><\/div>\n","protected":false},"excerpt":{"rendered":"","protected":false},"author":1,"featured_media":0,"parent":0,"menu_order":0,"comment_status":"closed","ping_status":"closed","template":"100-width.php","meta":{"footnotes":""},"class_list":["post-4357","page","type-page","status-publish","hentry"],"yoast_head":"<!-- This site is optimized with the Yoast SEO plugin v26.8 - https:\/\/yoast.com\/product\/yoast-seo-wordpress\/ -->\n<title>Impressum - Flex Suisse<\/title>\n<meta name=\"robots\" content=\"index, follow, max-snippet:-1, max-image-preview:large, max-video-preview:-1\" \/>\n<link rel=\"canonical\" href=\"https:\/\/flexsuisse.com\/de\/impressum\/\" \/>\n<meta property=\"og:locale\" content=\"de_DE\" \/>\n<meta property=\"og:type\" content=\"article\" \/>\n<meta property=\"og:title\" content=\"Impressum - Flex Suisse\" \/>\n<meta property=\"og:url\" content=\"https:\/\/flexsuisse.com\/de\/impressum\/\" \/>\n<meta property=\"og:site_name\" content=\"Flex Suisse\" \/>\n<meta property=\"article:modified_time\" content=\"2025-01-28T10:08:23+00:00\" \/>\n<meta name=\"twitter:card\" content=\"summary_large_image\" \/>\n<meta name=\"twitter:label1\" content=\"Gesch\u00e4tzte Lesezeit\" \/>\n\t<meta name=\"twitter:data1\" content=\"3\u00a0Minuten\" \/>\n<script type=\"application\/ld+json\" class=\"yoast-schema-graph\">{\"@context\":\"https:\/\/schema.org\",\"@graph\":[{\"@type\":\"WebPage\",\"@id\":\"https:\/\/flexsuisse.com\/de\/impressum\/\",\"url\":\"https:\/\/flexsuisse.com\/de\/impressum\/\",\"name\":\"Impressum - Flex Suisse\",\"isPartOf\":{\"@id\":\"https:\/\/flexsuisse.com\/de\/#website\"},\"datePublished\":\"2024-04-08T14:11:30+00:00\",\"dateModified\":\"2025-01-28T10:08:23+00:00\",\"breadcrumb\":{\"@id\":\"https:\/\/flexsuisse.com\/de\/impressum\/#breadcrumb\"},\"inLanguage\":\"de\",\"potentialAction\":[{\"@type\":\"ReadAction\",\"target\":[\"https:\/\/flexsuisse.com\/de\/impressum\/\"]}]},{\"@type\":\"BreadcrumbList\",\"@id\":\"https:\/\/flexsuisse.com\/de\/impressum\/#breadcrumb\",\"itemListElement\":[{\"@type\":\"ListItem\",\"position\":1,\"name\":\"Startseite\",\"item\":\"https:\/\/flexsuisse.com\/de\/\"},{\"@type\":\"ListItem\",\"position\":2,\"name\":\"Impressum\"}]},{\"@type\":\"WebSite\",\"@id\":\"https:\/\/flexsuisse.com\/de\/#website\",\"url\":\"https:\/\/flexsuisse.com\/de\/\",\"name\":\"Flex Suisse\",\"description\":\"The leading alternative legal services provider in Germany, Switzerland and Liechtenstein\",\"potentialAction\":[{\"@type\":\"SearchAction\",\"target\":{\"@type\":\"EntryPoint\",\"urlTemplate\":\"https:\/\/flexsuisse.com\/de\/?s={search_term_string}\"},\"query-input\":{\"@type\":\"PropertyValueSpecification\",\"valueRequired\":true,\"valueName\":\"search_term_string\"}}],\"inLanguage\":\"de\"}]}<\/script>\n<!-- \/ Yoast SEO plugin. -->","yoast_head_json":{"title":"Impressum - Flex Suisse","robots":{"index":"index","follow":"follow","max-snippet":"max-snippet:-1","max-image-preview":"max-image-preview:large","max-video-preview":"max-video-preview:-1"},"canonical":"https:\/\/flexsuisse.com\/de\/impressum\/","og_locale":"de_DE","og_type":"article","og_title":"Impressum - Flex Suisse","og_url":"https:\/\/flexsuisse.com\/de\/impressum\/","og_site_name":"Flex Suisse","article_modified_time":"2025-01-28T10:08:23+00:00","twitter_card":"summary_large_image","twitter_misc":{"Gesch\u00e4tzte Lesezeit":"3\u00a0Minuten"},"schema":{"@context":"https:\/\/schema.org","@graph":[{"@type":"WebPage","@id":"https:\/\/flexsuisse.com\/de\/impressum\/","url":"https:\/\/flexsuisse.com\/de\/impressum\/","name":"Impressum - Flex Suisse","isPartOf":{"@id":"https:\/\/flexsuisse.com\/de\/#website"},"datePublished":"2024-04-08T14:11:30+00:00","dateModified":"2025-01-28T10:08:23+00:00","breadcrumb":{"@id":"https:\/\/flexsuisse.com\/de\/impressum\/#breadcrumb"},"inLanguage":"de","potentialAction":[{"@type":"ReadAction","target":["https:\/\/flexsuisse.com\/de\/impressum\/"]}]},{"@type":"BreadcrumbList","@id":"https:\/\/flexsuisse.com\/de\/impressum\/#breadcrumb","itemListElement":[{"@type":"ListItem","position":1,"name":"Startseite","item":"https:\/\/flexsuisse.com\/de\/"},{"@type":"ListItem","position":2,"name":"Impressum"}]},{"@type":"WebSite","@id":"https:\/\/flexsuisse.com\/de\/#website","url":"https:\/\/flexsuisse.com\/de\/","name":"Flex Suisse","description":"The leading alternative legal services provider in Germany, Switzerland and Liechtenstein","potentialAction":[{"@type":"SearchAction","target":{"@type":"EntryPoint","urlTemplate":"https:\/\/flexsuisse.com\/de\/?s={search_term_string}"},"query-input":{"@type":"PropertyValueSpecification","valueRequired":true,"valueName":"search_term_string"}}],"inLanguage":"de"}]}},"_links":{"self":[{"href":"https:\/\/flexsuisse.com\/de\/wp-json\/wp\/v2\/pages\/4357","targetHints":{"allow":["GET"]}}],"collection":[{"href":"https:\/\/flexsuisse.com\/de\/wp-json\/wp\/v2\/pages"}],"about":[{"href":"https:\/\/flexsuisse.com\/de\/wp-json\/wp\/v2\/types\/page"}],"author":[{"embeddable":true,"href":"https:\/\/flexsuisse.com\/de\/wp-json\/wp\/v2\/users\/1"}],"replies":[{"embeddable":true,"href":"https:\/\/flexsuisse.com\/de\/wp-json\/wp\/v2\/comments?post=4357"}],"version-history":[{"count":3,"href":"https:\/\/flexsuisse.com\/de\/wp-json\/wp\/v2\/pages\/4357\/revisions"}],"predecessor-version":[{"id":4360,"href":"https:\/\/flexsuisse.com\/de\/wp-json\/wp\/v2\/pages\/4357\/revisions\/4360"}],"wp:attachment":[{"href":"https:\/\/flexsuisse.com\/de\/wp-json\/wp\/v2\/media?parent=4357"}],"curies":[{"name":"wp","href":"https:\/\/api.w.org\/{rel}","templated":true}]}}