{"id":4349,"date":"2025-01-09T16:20:04","date_gmt":"2025-01-09T16:20:04","guid":{"rendered":"https:\/\/flexsuisse.com\/whistleblowing\/"},"modified":"2025-01-28T09:31:30","modified_gmt":"2025-01-28T09:31:30","slug":"whistleblowing","status":"publish","type":"page","link":"https:\/\/flexsuisse.com\/de\/whistleblowing\/","title":{"rendered":"Whistleblowing"},"content":{"rendered":"<div class=\"fusion-fullwidth fullwidth-box fusion-builder-row-1 fusion-flex-container has-pattern-background has-mask-background nonhundred-percent-fullwidth non-hundred-percent-height-scrolling\" style=\"--awb-border-radius-top-left:0px;--awb-border-radius-top-right:0px;--awb-border-radius-bottom-right:0px;--awb-border-radius-bottom-left:0px;--awb-padding-top:50px;--awb-padding-bottom:40px;--awb-flex-wrap:wrap;\" ><div class=\"fusion-builder-row fusion-row fusion-flex-align-items-flex-start fusion-flex-justify-content-center fusion-flex-content-wrap\" style=\"max-width:1248px;margin-left: calc(-4% \/ 2 );margin-right: calc(-4% \/ 2 );\"><div class=\"fusion-layout-column fusion_builder_column fusion-builder-column-0 fusion_builder_column_1_1 1_1 fusion-flex-column\" style=\"--awb-bg-size:cover;--awb-width-large:100%;--awb-margin-top-large:0px;--awb-spacing-right-large:1.92%;--awb-margin-bottom-large:20px;--awb-spacing-left-large:1.92%;--awb-width-medium:100%;--awb-order-medium:0;--awb-spacing-right-medium:1.92%;--awb-spacing-left-medium:1.92%;--awb-width-small:100%;--awb-order-small:0;--awb-spacing-right-small:1.92%;--awb-spacing-left-small:1.92%;\"><div class=\"fusion-column-wrapper fusion-column-has-shadow fusion-flex-justify-content-flex-start fusion-content-layout-column\"><div class=\"fusion-title title fusion-title-1 fusion-sep-none fusion-title-text fusion-title-size-one\" style=\"--awb-font-size:40px;\"><h1 class=\"fusion-title-heading title-heading-left\" style=\"font-family:&quot;Lexend Exa&quot;;font-style:normal;font-weight:700;margin:0;font-size:1em;text-transform:uppercase;\">WHISTLEBLOWING<\/h1><\/div><\/div><\/div><div class=\"fusion-layout-column fusion_builder_column fusion-builder-column-1 fusion_builder_column_1_1 1_1 fusion-flex-column\" style=\"--awb-bg-size:cover;--awb-width-large:100%;--awb-margin-top-large:0px;--awb-spacing-right-large:1.92%;--awb-margin-bottom-large:20px;--awb-spacing-left-large:1.92%;--awb-width-medium:100%;--awb-order-medium:0;--awb-spacing-right-medium:1.92%;--awb-spacing-left-medium:1.92%;--awb-width-small:100%;--awb-order-small:0;--awb-spacing-right-small:1.92%;--awb-spacing-left-small:1.92%;\"><div class=\"fusion-column-wrapper fusion-column-has-shadow fusion-flex-justify-content-flex-start fusion-content-layout-column\"><div class=\"fusion-text fusion-text-1\"><div class=\"fusion-text fusion-text-1 fusion-text-no-margin\">\n<p><span data-contrast=\"auto\">Bei Flex Suisse sind alle Mitarbeitenden verpflichtet, ethische und rechtliche Verst\u00f6\u00dfe zu melden. Diese Plattform bietet Mitarbeitenden sowie externen Personen einen standardisierten und vertraulichen Kanal, um Fehlverhalten zu melden.<\/span><\/p>\n<p><a class=\"Hyperlink SCXW131111321 BCX0\" href=\"https:\/\/flexsuisse.com\/de\/whistleblowing\/?utm_source=chatgpt.com\" target=\"_blank\" rel=\"noreferrer noopener\"><span class=\"TextRun Underlined SCXW131111321 BCX0\" lang=\"DE-DE\" xml:lang=\"DE-DE\" data-contrast=\"none\"><span class=\"NormalTextRun SCXW131111321 BCX0\" data-ccp-charstyle=\"Hyperlink\">FlexSuisse<\/span><\/span><\/a><span class=\"EOP SCXW131111321 BCX0\" data-ccp-props=\"{&quot;335559739&quot;:0}\">&nbsp;<\/span><\/p>\n<p><span data-contrast=\"auto\">Diese Plattform erm\u00f6glicht es Flex Suisse, nach h\u00f6chsten ethischen Standards zu handeln, indem sie:<\/span><\/p>\n<ul>\n<li data-leveltext=\"\uf0b7\" data-font=\"Symbol\" data-listid=\"21\" data-list-defn-props=\"{'335552541':1,'335559685':720,'335559991':360,'469769226':'Symbol','469769242':&#091;8226&#093;,'469777803':'left','469777804':'\uf0b7','469777815':'hybridMultilevel'}\" aria-setsize=\"-1\" data-aria-posinset=\"1\" data-aria-level=\"1\"><span data-contrast=\"auto\">Mitarbeitende ermutigt, ohne Angst ihre Bedenken zu \u00e4u\u00dfern.<\/span><\/li>\n<\/ul>\n<ul>\n<li data-leveltext=\"\uf0b7\" data-font=\"Symbol\" data-listid=\"21\" data-list-defn-props=\"{'335552541':1,'335559685':720,'335559991':360,'469769226':'Symbol','469769242':&#091;8226&#093;,'469777803':'left','469777804':'\uf0b7','469777815':'hybridMultilevel'}\" aria-setsize=\"-1\" data-aria-posinset=\"2\" data-aria-level=\"1\"><span data-contrast=\"auto\">Diejenigen, die uns ihre Anliegen anvertrauen, mit Respekt, Fairness, Vertraulichkeit und Schutz vor Vergeltungsma\u00dfnahmen behandelt.<\/span><\/li>\n<\/ul>\n<ul>\n<li data-leveltext=\"\uf0b7\" data-font=\"Symbol\" data-listid=\"21\" data-list-defn-props=\"{'335552541':1,'335559685':720,'335559991':360,'469769226':'Symbol','469769242':&#091;8226&#093;,'469777803':'left','469777804':'\uf0b7','469777815':'hybridMultilevel'}\" aria-setsize=\"-1\" data-aria-posinset=\"3\" data-aria-level=\"1\"><span data-contrast=\"auto\">Die Fakten ermittelt und mit Dringlichkeit die Wahrheit zu verstehen versucht.<\/span><\/li>\n<\/ul>\n<ul>\n<li data-leveltext=\"\uf0b7\" data-font=\"Symbol\" data-listid=\"21\" data-list-defn-props=\"{'335552541':1,'335559685':720,'335559991':360,'469769226':'Symbol','469769242':&#091;8226&#093;,'469777803':'left','469777804':'\uf0b7','469777815':'hybridMultilevel'}\" aria-setsize=\"-1\" data-aria-posinset=\"4\" data-aria-level=\"1\"><span data-contrast=\"auto\">Faire und konsequente Abhilfema\u00dfnahmen sicherstellt.<\/span><\/li>\n<\/ul>\n<ul>\n<li data-leveltext=\"\uf0b7\" data-font=\"Symbol\" data-listid=\"21\" data-list-defn-props=\"{'335552541':1,'335559685':720,'335559991':360,'469769226':'Symbol','469769242':&#091;8226&#093;,'469777803':'left','469777804':'\uf0b7','469777815':'hybridMultilevel'}\" aria-setsize=\"-1\" data-aria-posinset=\"5\" data-aria-level=\"1\"><span data-contrast=\"auto\">R\u00fcckmeldungen an diejenigen gibt, die mutig genug sind, Bedenken zu \u00e4u\u00dfern.<\/span><\/li>\n<\/ul>\n<p><span data-contrast=\"auto\">Beschwerden k\u00f6nnen per E-Mail an <\/span><a href=\"&#x6d;&#x61;&#105;lt&#x6f;&#x3a;&#115;&#112;e&#x61;&#x6b;&#117;&#112;&#64;&#x66;&#x6c;&#x65;&#120;su&#x69;&#x73;&#115;&#101;&#46;&#x63;&#x6f;&#109;\"><span data-contrast=\"none\">&#115;&#x70;e&#x61;&#x6b;&#117;&#x70;&#64;&#x66;&#x6c;&#101;&#x78;s&#x75;&#x69;&#115;&#x73;e&#x2e;&#x63;&#111;&#x6d;<\/span><\/a><span data-contrast=\"auto\"> oder telefonisch unter +41 58 502 75 30 (Schweiz \/ Liechtenstein) \/ +49 160 9036 3511 (Deutschland) an den General Counsel gerichtet werden.<\/span><\/p>\n<p><a class=\"Hyperlink SCXW131111321 BCX0\" href=\"https:\/\/flexsuisse.com\/de\/whistleblowing\/?utm_source=chatgpt.com\" target=\"_blank\" rel=\"noreferrer noopener\"><span class=\"TextRun Underlined SCXW131111321 BCX0\" lang=\"DE-DE\" xml:lang=\"DE-DE\" data-contrast=\"none\"><span class=\"NormalTextRun SCXW131111321 BCX0\" data-ccp-charstyle=\"Hyperlink\">FlexSuisse<\/span><\/span><\/a><span class=\"EOP SCXW131111321 BCX0\" data-ccp-props=\"{&quot;335559739&quot;:0}\">&nbsp;<\/span><\/p>\n<p><span data-contrast=\"auto\">Diese Plattform wird durch den Group General Counsel von Flex Suisse betrieben.<\/span><\/p>\n<\/div>\n<\/div><\/div><\/div><\/div><\/div>\n","protected":false},"excerpt":{"rendered":"","protected":false},"author":1,"featured_media":0,"parent":0,"menu_order":0,"comment_status":"closed","ping_status":"closed","template":"100-width.php","meta":{"footnotes":""},"class_list":["post-4349","page","type-page","status-publish","hentry"],"yoast_head":"<!-- This site is optimized with the Yoast SEO plugin v26.8 - https:\/\/yoast.com\/product\/yoast-seo-wordpress\/ -->\n<title>Whistleblowing - Flex Suisse<\/title>\n<meta name=\"robots\" content=\"index, follow, max-snippet:-1, max-image-preview:large, max-video-preview:-1\" \/>\n<link rel=\"canonical\" href=\"https:\/\/flexsuisse.com\/de\/whistleblowing\/\" \/>\n<meta property=\"og:locale\" content=\"de_DE\" \/>\n<meta property=\"og:type\" content=\"article\" \/>\n<meta property=\"og:title\" content=\"Whistleblowing - Flex Suisse\" \/>\n<meta property=\"og:url\" content=\"https:\/\/flexsuisse.com\/de\/whistleblowing\/\" \/>\n<meta property=\"og:site_name\" content=\"Flex Suisse\" \/>\n<meta property=\"article:modified_time\" content=\"2025-01-28T09:31:30+00:00\" \/>\n<meta name=\"twitter:card\" content=\"summary_large_image\" \/>\n<script type=\"application\/ld+json\" class=\"yoast-schema-graph\">{\"@context\":\"https:\/\/schema.org\",\"@graph\":[{\"@type\":\"WebPage\",\"@id\":\"https:\/\/flexsuisse.com\/de\/whistleblowing\/\",\"url\":\"https:\/\/flexsuisse.com\/de\/whistleblowing\/\",\"name\":\"Whistleblowing - Flex Suisse\",\"isPartOf\":{\"@id\":\"https:\/\/flexsuisse.com\/de\/#website\"},\"datePublished\":\"2025-01-09T16:20:04+00:00\",\"dateModified\":\"2025-01-28T09:31:30+00:00\",\"breadcrumb\":{\"@id\":\"https:\/\/flexsuisse.com\/de\/whistleblowing\/#breadcrumb\"},\"inLanguage\":\"de\",\"potentialAction\":[{\"@type\":\"ReadAction\",\"target\":[\"https:\/\/flexsuisse.com\/de\/whistleblowing\/\"]}]},{\"@type\":\"BreadcrumbList\",\"@id\":\"https:\/\/flexsuisse.com\/de\/whistleblowing\/#breadcrumb\",\"itemListElement\":[{\"@type\":\"ListItem\",\"position\":1,\"name\":\"Startseite\",\"item\":\"https:\/\/flexsuisse.com\/de\/\"},{\"@type\":\"ListItem\",\"position\":2,\"name\":\"Whistleblowing\"}]},{\"@type\":\"WebSite\",\"@id\":\"https:\/\/flexsuisse.com\/de\/#website\",\"url\":\"https:\/\/flexsuisse.com\/de\/\",\"name\":\"Flex Suisse\",\"description\":\"The leading alternative legal services provider in Germany, Switzerland and Liechtenstein\",\"potentialAction\":[{\"@type\":\"SearchAction\",\"target\":{\"@type\":\"EntryPoint\",\"urlTemplate\":\"https:\/\/flexsuisse.com\/de\/?s={search_term_string}\"},\"query-input\":{\"@type\":\"PropertyValueSpecification\",\"valueRequired\":true,\"valueName\":\"search_term_string\"}}],\"inLanguage\":\"de\"}]}<\/script>\n<!-- \/ Yoast SEO plugin. -->","yoast_head_json":{"title":"Whistleblowing - Flex Suisse","robots":{"index":"index","follow":"follow","max-snippet":"max-snippet:-1","max-image-preview":"max-image-preview:large","max-video-preview":"max-video-preview:-1"},"canonical":"https:\/\/flexsuisse.com\/de\/whistleblowing\/","og_locale":"de_DE","og_type":"article","og_title":"Whistleblowing - Flex Suisse","og_url":"https:\/\/flexsuisse.com\/de\/whistleblowing\/","og_site_name":"Flex Suisse","article_modified_time":"2025-01-28T09:31:30+00:00","twitter_card":"summary_large_image","schema":{"@context":"https:\/\/schema.org","@graph":[{"@type":"WebPage","@id":"https:\/\/flexsuisse.com\/de\/whistleblowing\/","url":"https:\/\/flexsuisse.com\/de\/whistleblowing\/","name":"Whistleblowing - Flex Suisse","isPartOf":{"@id":"https:\/\/flexsuisse.com\/de\/#website"},"datePublished":"2025-01-09T16:20:04+00:00","dateModified":"2025-01-28T09:31:30+00:00","breadcrumb":{"@id":"https:\/\/flexsuisse.com\/de\/whistleblowing\/#breadcrumb"},"inLanguage":"de","potentialAction":[{"@type":"ReadAction","target":["https:\/\/flexsuisse.com\/de\/whistleblowing\/"]}]},{"@type":"BreadcrumbList","@id":"https:\/\/flexsuisse.com\/de\/whistleblowing\/#breadcrumb","itemListElement":[{"@type":"ListItem","position":1,"name":"Startseite","item":"https:\/\/flexsuisse.com\/de\/"},{"@type":"ListItem","position":2,"name":"Whistleblowing"}]},{"@type":"WebSite","@id":"https:\/\/flexsuisse.com\/de\/#website","url":"https:\/\/flexsuisse.com\/de\/","name":"Flex Suisse","description":"The leading alternative legal services provider in Germany, Switzerland and Liechtenstein","potentialAction":[{"@type":"SearchAction","target":{"@type":"EntryPoint","urlTemplate":"https:\/\/flexsuisse.com\/de\/?s={search_term_string}"},"query-input":{"@type":"PropertyValueSpecification","valueRequired":true,"valueName":"search_term_string"}}],"inLanguage":"de"}]}},"_links":{"self":[{"href":"https:\/\/flexsuisse.com\/de\/wp-json\/wp\/v2\/pages\/4349","targetHints":{"allow":["GET"]}}],"collection":[{"href":"https:\/\/flexsuisse.com\/de\/wp-json\/wp\/v2\/pages"}],"about":[{"href":"https:\/\/flexsuisse.com\/de\/wp-json\/wp\/v2\/types\/page"}],"author":[{"embeddable":true,"href":"https:\/\/flexsuisse.com\/de\/wp-json\/wp\/v2\/users\/1"}],"replies":[{"embeddable":true,"href":"https:\/\/flexsuisse.com\/de\/wp-json\/wp\/v2\/comments?post=4349"}],"version-history":[{"count":2,"href":"https:\/\/flexsuisse.com\/de\/wp-json\/wp\/v2\/pages\/4349\/revisions"}],"predecessor-version":[{"id":4351,"href":"https:\/\/flexsuisse.com\/de\/wp-json\/wp\/v2\/pages\/4349\/revisions\/4351"}],"wp:attachment":[{"href":"https:\/\/flexsuisse.com\/de\/wp-json\/wp\/v2\/media?parent=4349"}],"curies":[{"name":"wp","href":"https:\/\/api.w.org\/{rel}","templated":true}]}}